{"id":6,"date":"2025-11-05T19:22:58","date_gmt":"2025-11-05T19:22:58","guid":{"rendered":"https:\/\/alohaeventos.com.br\/almanaquedigital\/?page_id=6"},"modified":"2025-12-17T17:04:26","modified_gmt":"2025-12-17T17:04:26","slug":"home","status":"publish","type":"page","link":"https:\/\/alohaeventos.com.br\/almanaquedigital\/","title":{"rendered":"Almanaque Financeiros para Jovens"},"content":{"rendered":"\t\t<div data-elementor-type=\"wp-post\" data-elementor-id=\"6\" class=\"elementor elementor-6\" data-elementor-post-type=\"page\">\n\t\t\t\t<div class=\"elementor-element elementor-element-369f022 e-flex e-con-boxed e-con e-parent\" data-id=\"369f022\" data-element_type=\"container\" data-e-type=\"container\">\n\t\t\t\t\t<div class=\"e-con-inner\">\n\t\t<div class=\"elementor-element elementor-element-a4d61ce e-con-full e-flex e-con e-child\" data-id=\"a4d61ce\" data-element_type=\"container\" data-e-type=\"container\">\n\t\t\t\t<div class=\"elementor-element elementor-element-542fa18 elementor-widget elementor-widget-image\" data-id=\"542fa18\" data-element_type=\"widget\" data-e-type=\"widget\" data-widget_type=\"image.default\">\n\t\t\t\t\t\t\t\t\t\t\t\t\t\t\t<img fetchpriority=\"high\" decoding=\"async\" width=\"773\" height=\"685\" src=\"https:\/\/alohaeventos.com.br\/almanaquedigital\/wp-content\/uploads\/2025\/12\/almanaque-min.png\" class=\"attachment-large size-large wp-image-164\" alt=\"\" srcset=\"https:\/\/alohaeventos.com.br\/almanaquedigital\/wp-content\/uploads\/2025\/12\/almanaque-min.png 773w, https:\/\/alohaeventos.com.br\/almanaquedigital\/wp-content\/uploads\/2025\/12\/almanaque-min-300x266.png 300w, https:\/\/alohaeventos.com.br\/almanaquedigital\/wp-content\/uploads\/2025\/12\/almanaque-min-768x681.png 768w\" sizes=\"(max-width: 773px) 100vw, 773px\" \/>\t\t\t\t\t\t\t\t\t\t\t\t\t\t\t<\/div>\n\t\t\t\t<\/div>\n\t\t<div class=\"elementor-element elementor-element-6bb39d3 e-con-full e-flex e-con e-child\" data-id=\"6bb39d3\" data-element_type=\"container\" data-e-type=\"container\">\n\t\t\t\t<div class=\"elementor-element elementor-element-b5da251 elementor-widget elementor-widget-heading\" data-id=\"b5da251\" data-element_type=\"widget\" data-e-type=\"widget\" data-widget_type=\"heading.default\">\n\t\t\t\t\t<h2 class=\"elementor-heading-title elementor-size-default\">Ol\u00e1, Jovem!<\/h2>\t\t\t\t<\/div>\n\t\t\t\t<div class=\"elementor-element elementor-element-4042c33 elementor-widget elementor-widget-text-editor\" data-id=\"4042c33\" data-element_type=\"widget\" data-e-type=\"widget\" data-widget_type=\"text-editor.default\">\n\t\t\t\t\t\t\t\t\t<p data-start=\"108\" data-end=\"258\">Este Almanaque foi feito especialmente para voc\u00ea, que est\u00e1 come\u00e7ando a explorar o mundo do dinheiro e quer aprender a cuidar melhor das suas finan\u00e7as.<\/p><p data-start=\"260\" data-end=\"442\">Aqui, vamos mostrar de um jeito pr\u00e1tico como organizar o seu dinheiro, economizar para realizar seus sonhos, evitar d\u00edvidas e at\u00e9 dar os primeiros passos nos investimentos.<\/p>\t\t\t\t\t\t\t\t<\/div>\n\t\t\t\t<div class=\"elementor-element elementor-element-127fabc elementor-align-center elementor-mobile-align-center elementor-widget elementor-widget-button\" data-id=\"127fabc\" data-element_type=\"widget\" data-e-type=\"widget\" data-widget_type=\"button.default\">\n\t\t\t\t\t\t\t\t\t\t<a class=\"elementor-button elementor-button-link elementor-size-lg\" href=\"https:\/\/alohaeventos.com.br\/almanaquedigital\/ebook\/\" target=\"_blank\" rel=\"nofollow\">\n\t\t\t\t\t\t<span class=\"elementor-button-content-wrapper\">\n\t\t\t\t\t\t\t\t\t<span class=\"elementor-button-text\">Confira agora o Ebook<\/span>\n\t\t\t\t\t<\/span>\n\t\t\t\t\t<\/a>\n\t\t\t\t\t\t\t\t<\/div>\n\t\t\t\t<\/div>\n\t\t\t\t\t<\/div>\n\t\t\t\t<\/div>\n\t\t\t\t<\/div>\n\t\t","protected":false},"excerpt":{"rendered":"<p>Ol\u00e1, Jovem! Este Almanaque foi feito especialmente para voc\u00ea, que est\u00e1 come\u00e7ando a explorar o mundo do dinheiro e quer aprender a cuidar melhor das suas finan\u00e7as. Aqui, vamos mostrar de um jeito pr\u00e1tico como organizar o seu dinheiro, economizar para realizar seus sonhos, evitar d\u00edvidas e at\u00e9 dar os primeiros passos nos investimentos. Confira [&hellip;]<\/p>\n","protected":false},"author":1,"featured_media":0,"parent":0,"menu_order":0,"comment_status":"closed","ping_status":"closed","template":"elementor_header_footer","meta":{"footnotes":""},"class_list":["post-6","page","type-page","status-publish","hentry"],"_links":{"self":[{"href":"https:\/\/alohaeventos.com.br\/almanaquedigital\/wp-json\/wp\/v2\/pages\/6","targetHints":{"allow":["GET"]}}],"collection":[{"href":"https:\/\/alohaeventos.com.br\/almanaquedigital\/wp-json\/wp\/v2\/pages"}],"about":[{"href":"https:\/\/alohaeventos.com.br\/almanaquedigital\/wp-json\/wp\/v2\/types\/page"}],"author":[{"embeddable":true,"href":"https:\/\/alohaeventos.com.br\/almanaquedigital\/wp-json\/wp\/v2\/users\/1"}],"replies":[{"embeddable":true,"href":"https:\/\/alohaeventos.com.br\/almanaquedigital\/wp-json\/wp\/v2\/comments?post=6"}],"version-history":[{"count":39,"href":"https:\/\/alohaeventos.com.br\/almanaquedigital\/wp-json\/wp\/v2\/pages\/6\/revisions"}],"predecessor-version":[{"id":184,"href":"https:\/\/alohaeventos.com.br\/almanaquedigital\/wp-json\/wp\/v2\/pages\/6\/revisions\/184"}],"wp:attachment":[{"href":"https:\/\/alohaeventos.com.br\/almanaquedigital\/wp-json\/wp\/v2\/media?parent=6"}],"curies":[{"name":"wp","href":"https:\/\/api.w.org\/{rel}","templated":true}]}}